{"id":7743,"date":"2023-08-23T13:12:14","date_gmt":"2023-08-23T19:12:14","guid":{"rendered":"https:\/\/www.adminxml.com\/es\/?page_id=7743"},"modified":"2023-09-06T16:32:07","modified_gmt":"2023-09-06T22:32:07","slug":"como-activar-mi-licencia-de-miadminxml","status":"publish","type":"page","link":"https:\/\/www.adminxml.com\/es\/tutoriales-miadminxml\/configuracion-miadminxml\/como-activar-mi-licencia-de-miadminxml\/","title":{"rendered":"\u00bfC\u00f3mo activar mi licencia de MiAdminXML?"},"content":{"rendered":"\t\t<div data-elementor-type=\"wp-page\" data-elementor-id=\"7743\" class=\"elementor elementor-7743\" data-elementor-settings=\"{&quot;ha_cmc_init_switcher&quot;:&quot;no&quot;}\" data-elementor-post-type=\"page\">\n\t\t\t\t\t\t<section class=\"elementor-section elementor-top-section elementor-element elementor-element-3f186522 elementor-section-boxed elementor-section-height-default elementor-section-height-default\" data-id=\"3f186522\" data-element_type=\"section\" data-e-type=\"section\" data-settings=\"{&quot;_ha_eqh_enable&quot;:false}\">\n\t\t\t\t\t\t<div class=\"elementor-container elementor-column-gap-default\">\n\t\t\t\t\t<div class=\"elementor-column elementor-col-100 elementor-top-column elementor-element elementor-element-3cfd4f61\" data-id=\"3cfd4f61\" data-element_type=\"column\" data-e-type=\"column\">\n\t\t\t<div class=\"elementor-widget-wrap elementor-element-populated\">\n\t\t\t\t\t\t<div class=\"elementor-element elementor-element-55acfbb4 elementor-widget elementor-widget-text-editor\" data-id=\"55acfbb4\" data-element_type=\"widget\" data-e-type=\"widget\" data-widget_type=\"text-editor.default\">\n\t\t\t\t<div class=\"elementor-widget-container\">\n\t\t\t\t\t\t\t\t\t\t\t\t\t\t\t\t\t<\/div>\n\t\t\t\t<\/div>\n\t\t\t\t\t<\/div>\n\t\t<\/div>\n\t\t\t\t\t<\/div>\n\t\t<\/section>\n\t\t\t\t<section class=\"elementor-section elementor-top-section elementor-element elementor-element-dd6c7c1 elementor-section-boxed elementor-section-height-default elementor-section-height-default\" data-id=\"dd6c7c1\" data-element_type=\"section\" data-e-type=\"section\" data-settings=\"{&quot;_ha_eqh_enable&quot;:false}\">\n\t\t\t\t\t\t<div class=\"elementor-container elementor-column-gap-default\">\n\t\t\t\t\t<div class=\"elementor-column elementor-col-100 elementor-top-column elementor-element elementor-element-7db9b77\" data-id=\"7db9b77\" data-element_type=\"column\" data-e-type=\"column\">\n\t\t\t<div class=\"elementor-widget-wrap elementor-element-populated\">\n\t\t\t\t\t\t<div class=\"elementor-element elementor-element-cf7d1ed elementor-widget elementor-widget-heading\" data-id=\"cf7d1ed\" data-element_type=\"widget\" data-e-type=\"widget\" data-widget_type=\"heading.default\">\n\t\t\t\t<div class=\"elementor-widget-container\">\n\t\t\t\t\t<h2 class=\"elementor-heading-title elementor-size-default\">Tutorial de Activaci\u00f3n de MiAdminXML<\/h2>\t\t\t\t<\/div>\n\t\t\t\t<\/div>\n\t\t\t\t\t<\/div>\n\t\t<\/div>\n\t\t\t\t\t<\/div>\n\t\t<\/section>\n\t\t\t\t<section class=\"elementor-section elementor-top-section elementor-element elementor-element-43c8c43 elementor-section-boxed elementor-section-height-default elementor-section-height-default\" data-id=\"43c8c43\" data-element_type=\"section\" data-e-type=\"section\" data-settings=\"{&quot;_ha_eqh_enable&quot;:false}\">\n\t\t\t\t\t\t<div class=\"elementor-container elementor-column-gap-default\">\n\t\t\t\t\t<div class=\"elementor-column elementor-col-100 elementor-top-column elementor-element elementor-element-5fe48bc\" data-id=\"5fe48bc\" data-element_type=\"column\" data-e-type=\"column\">\n\t\t\t<div class=\"elementor-widget-wrap elementor-element-populated\">\n\t\t\t\t\t\t<div class=\"elementor-element elementor-element-bd2a5c7 elementor-widget elementor-widget-text-editor\" data-id=\"bd2a5c7\" data-element_type=\"widget\" data-e-type=\"widget\" data-widget_type=\"text-editor.default\">\n\t\t\t\t<div class=\"elementor-widget-container\">\n\t\t\t\t\t\t\t\t\t<p>\u00bfTienes dudas para activar tu licencia de MiAdminXML?\u00a0<\/p>\n<p>\u00a1Descarga aqu\u00ed la gu\u00eda de activaci\u00f3n!<\/p>\t\t\t\t\t\t\t\t<\/div>\n\t\t\t\t<\/div>\n\t\t\t\t<div class=\"elementor-element elementor-element-266cf87 elementor-align-center elementor-widget elementor-widget-button\" data-id=\"266cf87\" data-element_type=\"widget\" data-e-type=\"widget\" data-settings=\"{&quot;_animation&quot;:&quot;none&quot;}\" data-widget_type=\"button.default\">\n\t\t\t\t<div class=\"elementor-widget-container\">\n\t\t\t\t\t\t\t\t\t<div class=\"elementor-button-wrapper\">\n\t\t\t\t\t<a class=\"elementor-button elementor-button-link elementor-size-md\" href=\"https:\/\/www.computocontable.com\/guia-como-activar-miadminxml-2\/\" target=\"_blank\">\n\t\t\t\t\t\t<span class=\"elementor-button-content-wrapper\">\n\t\t\t\t\t\t\t\t\t<span class=\"elementor-button-text\">Gu\u00eda de Activaci\u00f3n MiAdminXML<\/span>\n\t\t\t\t\t<\/span>\n\t\t\t\t\t<\/a>\n\t\t\t\t<\/div>\n\t\t\t\t\t\t\t\t<\/div>\n\t\t\t\t<\/div>\n\t\t\t\t\t<\/div>\n\t\t<\/div>\n\t\t\t\t\t<\/div>\n\t\t<\/section>\n\t\t\t\t<\/div>\n\t\t","protected":false},"excerpt":{"rendered":"<p>Tutorial de Activaci\u00f3n de MiAdminXML \u00bfTienes dudas para activar tu licencia de MiAdminXML?\u00a0 \u00a1Descarga aqu\u00ed la gu\u00eda de activaci\u00f3n! Gu\u00eda de Activaci\u00f3n MiAdminXML<\/p>\n","protected":false},"author":1,"featured_media":0,"parent":7747,"menu_order":0,"comment_status":"closed","ping_status":"closed","template":"","meta":{"jetpack_post_was_ever_published":false,"footnotes":""},"class_list":["post-7743","page","type-page","status-publish","hentry"],"jetpack_sharing_enabled":true,"jetpack_shortlink":"https:\/\/wp.me\/P7PF4O-20T","_links":{"self":[{"href":"https:\/\/www.adminxml.com\/es\/wp-json\/wp\/v2\/pages\/7743","targetHints":{"allow":["GET"]}}],"collection":[{"href":"https:\/\/www.adminxml.com\/es\/wp-json\/wp\/v2\/pages"}],"about":[{"href":"https:\/\/www.adminxml.com\/es\/wp-json\/wp\/v2\/types\/page"}],"author":[{"embeddable":true,"href":"https:\/\/www.adminxml.com\/es\/wp-json\/wp\/v2\/users\/1"}],"replies":[{"embeddable":true,"href":"https:\/\/www.adminxml.com\/es\/wp-json\/wp\/v2\/comments?post=7743"}],"version-history":[{"count":17,"href":"https:\/\/www.adminxml.com\/es\/wp-json\/wp\/v2\/pages\/7743\/revisions"}],"predecessor-version":[{"id":7942,"href":"https:\/\/www.adminxml.com\/es\/wp-json\/wp\/v2\/pages\/7743\/revisions\/7942"}],"up":[{"embeddable":true,"href":"https:\/\/www.adminxml.com\/es\/wp-json\/wp\/v2\/pages\/7747"}],"wp:attachment":[{"href":"https:\/\/www.adminxml.com\/es\/wp-json\/wp\/v2\/media?parent=7743"}],"curies":[{"name":"wp","href":"https:\/\/api.w.org\/{rel}","templated":true}]}}